{"id":5,"date":"2014-07-28T14:33:56","date_gmt":"2014-07-28T11:33:56","guid":{"rendered":"http:\/\/gemerekrentacar.com\/?page_id=5"},"modified":"2017-02-20T21:48:49","modified_gmt":"2017-02-20T18:48:49","slug":"hakkimizda","status":"publish","type":"page","link":"https:\/\/www.gemerekrentacar.com\/?page_id=5","title":{"rendered":"HAKKIMIZDA"},"content":{"rendered":"<div class=\"pageh b\">\n<h2>Hakk\u0131m\u0131zda<\/h2>\n<\/div>\n<div class=\"pagec\">\n<div><\/div>\n<div><a href=\"http:\/\/gemerekrentacar.com\/wp-content\/uploads\/2014\/07\/20140725_144638.jpg\"><img loading=\"lazy\" class=\"size-medium wp-image-37 alignleft\" src=\"http:\/\/gemerekrentacar.com\/wp-content\/uploads\/2014\/07\/20140725_144638-300x225.jpg\" alt=\"20140725_144638\" width=\"300\" height=\"225\" srcset=\"https:\/\/www.gemerekrentacar.com\/wp-content\/uploads\/2014\/07\/20140725_144638-300x225.jpg 300w, https:\/\/www.gemerekrentacar.com\/wp-content\/uploads\/2014\/07\/20140725_144638-1024x768.jpg 1024w, https:\/\/www.gemerekrentacar.com\/wp-content\/uploads\/2014\/07\/20140725_144638-960x720.jpg 960w, https:\/\/www.gemerekrentacar.com\/wp-content\/uploads\/2014\/07\/20140725_144638-480x360.jpg 480w, https:\/\/www.gemerekrentacar.com\/wp-content\/uploads\/2014\/07\/20140725_144638-320x240.jpg 320w, https:\/\/www.gemerekrentacar.com\/wp-content\/uploads\/2014\/07\/20140725_144638-240x180.jpg 240w\" sizes=\"(max-width: 300px) 100vw, 300px\" \/><\/a>2014 y\u0131l\u0131na kadar oto kiralama, ara\u00e7 kiralama sekt\u00f6r\u00fc T\u00fcrkiye&#8217;de \u00e7ok aktif olmayan bir profil \u00e7izmi\u015ftir. Ancak bu tarihten sonra, T\u00fcrk turizminde ger\u00e7ekle\u015ftirilen b\u00fcy\u00fck geli\u015fmeler ve\u00a0yap\u0131lan yat\u0131r\u0131mlar ayn\u0131 paralelde oto kiralama, ara\u00e7 kiralama sekt\u00f6r\u00fcne de yans\u0131m\u0131\u015ft\u0131r. Bu d\u00f6nemde \u00dc\u00c7 GARDA\u015eLAR\u00a0RENT A CAR Gemerek il\u00e7esinde kurulmu\u015ftur.<\/div>\n<div><\/div>\n<div>Bug\u00fcn \u00dc\u00c7 GARDA\u015eLAR\u00a0Rent A Car, ara\u00e7 filosu ile Gemerek il\u00e7esinde\u00a0 \u00f6nc\u00fc kurulu\u015flardan biri olarak profesyonel kadrosu ile ara\u00e7 kiralama, oto kiralama hizmeti vermeye devam\u00a0etmektedir.<\/div>\n<div><\/div>\n<div><strong>B\u0130Z,<\/strong><\/div>\n<div>\u00dc\u00c7 GARDA\u015eLAR\u00a0Rent A Car ailesi olarak g\u00fcnl\u00fck &#8211; uzun s\u00fcreli ve yurti\u00e7i ara\u00e7 kiralama, oto kiralama, VIP transfer hizmeti, minib\u00fcs &amp; otob\u00fcs transfer hizmeti, oto sat\u0131\u015f\u0131\u00a0 alanlar\u0131nda faaliyet g\u00f6steriyoruz.<\/div>\n<div><\/div>\n<div><\/div>\n<div><strong>Kalite Politikam\u0131z<\/strong><\/div>\n<div><span style=\"font-size: larger;\"><span style=\"font-family: Arial;\"><small><samp><big>\u00dc\u00c7 GARDA\u015eLAR\u00a0Rent A Car i\u00e7in kalite, m\u00fc\u015fterilerimizin t\u00fcm beklentilerini kar\u015f\u0131lamakt\u0131r. \u0130lkemiz, hizmette kaliteyi ekip \u00e7al\u0131\u015fmas\u0131yla daim k\u0131lmak ve en \u00e7a\u011fda\u015f seviyeye\u00a0\u00e7\u0131karmakt\u0131r.\u00a0<span style=\"color: #333333; line-height: 20px;\">G\u00fcn\u00fcm\u00fczde, gerek kurumsal gerekse bireysel anlamda \u00f6nemli bir ihtiyaca cevap veren turizm ta\u015f\u0131mac\u0131l\u0131\u011f\u0131, \u00e7e\u015fitli d\u00fczeylerde bir\u00e7ok firma ve ta\u015f\u0131mac\u0131 aras\u0131ndan yetki belgeli, kurumsal, g\u00fcvenilir, profesyonel i\u015fleyi\u015fe sahip bir firma ile \u00e7al\u0131\u015f<\/span><span class=\"text_exposed_show\" style=\"display: inline; color: #333333; line-height: 20px;\">mak, ka\u00e7\u0131n\u0131lmaz bir gereklilik halini alm\u0131\u015ft\u0131r.<\/span><\/big><\/samp><\/small><\/span><\/span><\/div>\n<div><\/div>\n<div><strong>Hedefimiz\u00a0<\/strong><\/div>\n<div><span style=\"font-size: larger;\"><span style=\"font-family: Arial;\">Ula\u015f\u0131m hizmetlerinde m\u00fc\u015fterilerimize fayda sa\u011flayarak \u00e7a\u011fda\u015f bilgi teknolojisi deste\u011fiyle m\u00fc\u015fteri ve \u00e7al\u0131\u015fanlar\u0131n memnuniyetini \u00f6n planda tutmak, b\u00fcy\u00fcmemizin\u00a0devam\u0131n\u0131 sa\u011flayarak karl\u0131l\u0131\u011f\u0131 s\u00fcrekli k\u0131lmak, \u00fclke ekonomisine ve T\u00fcrkiye turizmine katk\u0131da bulunmakt\u0131r.\u00a0<\/span><\/span><\/div>\n<div><\/div>\n<div><strong>Vizyonumuz\u00a0<\/strong><\/div>\n<div>Turizmin bir kolu olan ula\u015f\u0131m hizmetlerinde m\u00fc\u015fterilerine fayda sa\u011flayan m\u00fckemmel bir organizasyon olarak tan\u0131nmakt\u0131r.<\/div>\n<\/div>\n","protected":false},"excerpt":{"rendered":"<p>Hakk\u0131m\u0131zda 2014 y\u0131l\u0131na kadar oto kiralama, ara\u00e7 kiralama sekt\u00f6r\u00fc T\u00fcrkiye&#8217;de \u00e7ok aktif olmayan bir profil \u00e7izmi\u015ftir. Ancak bu tarihten sonra, T\u00fcrk turizminde ger\u00e7ekle\u015ftirilen b\u00fcy\u00fck geli\u015fmeler ve\u00a0yap\u0131lan yat\u0131r\u0131mlar ayn\u0131 paralelde oto kiralama, ara\u00e7 kiralama sekt\u00f6r\u00fcne de yans\u0131m\u0131\u015ft\u0131r. Bu d\u00f6nemde \u00dc\u00c7 GARDA\u015eLAR\u00a0RENT A CAR Gemerek il\u00e7esinde kurulmu\u015ftur. Bug\u00fcn \u00dc\u00c7 GARDA\u015eLAR\u00a0Rent A Car, ara\u00e7 filosu ile Gemerek il\u00e7esinde\u00a0 [&hellip;]<\/p>\n","protected":false},"author":1,"featured_media":0,"parent":0,"menu_order":0,"comment_status":"closed","ping_status":"closed","template":"","meta":[],"categories":[],"tags":[],"_links":{"self":[{"href":"https:\/\/www.gemerekrentacar.com\/index.php?rest_route=\/wp\/v2\/pages\/5"}],"collection":[{"href":"https:\/\/www.gemerekrentacar.com\/index.php?rest_route=\/wp\/v2\/pages"}],"about":[{"href":"https:\/\/www.gemerekrentacar.com\/index.php?rest_route=\/wp\/v2\/types\/page"}],"author":[{"embeddable":true,"href":"https:\/\/www.gemerekrentacar.com\/index.php?rest_route=\/wp\/v2\/users\/1"}],"replies":[{"embeddable":true,"href":"https:\/\/www.gemerekrentacar.com\/index.php?rest_route=%2Fwp%2Fv2%2Fcomments&post=5"}],"version-history":[{"count":4,"href":"https:\/\/www.gemerekrentacar.com\/index.php?rest_route=\/wp\/v2\/pages\/5\/revisions"}],"predecessor-version":[{"id":125,"href":"https:\/\/www.gemerekrentacar.com\/index.php?rest_route=\/wp\/v2\/pages\/5\/revisions\/125"}],"wp:attachment":[{"href":"https:\/\/www.gemerekrentacar.com\/index.php?rest_route=%2Fwp%2Fv2%2Fmedia&parent=5"}],"wp:term":[{"taxonomy":"category","embeddable":true,"href":"https:\/\/www.gemerekrentacar.com\/index.php?rest_route=%2Fwp%2Fv2%2Fcategories&post=5"},{"taxonomy":"post_tag","embeddable":true,"href":"https:\/\/www.gemerekrentacar.com\/index.php?rest_route=%2Fwp%2Fv2%2Ftags&post=5"}],"curies":[{"name":"wp","href":"https:\/\/api.w.org\/{rel}","templated":true}]}}