{"id":15,"date":"2014-07-28T14:55:08","date_gmt":"2014-07-28T11:55:08","guid":{"rendered":"http:\/\/gemerekrentacar.com\/?page_id=15"},"modified":"2017-02-20T21:45:05","modified_gmt":"2017-02-20T18:45:05","slug":"iletisim","status":"publish","type":"page","link":"https:\/\/www.gemerekrentacar.com\/?page_id=15","title":{"rendered":"\u0130LET\u0130\u015e\u0130M"},"content":{"rendered":"<h4>Ara\u00e7 kiralama, havaalan\u0131 transferleri, \u00f6zel g\u00fcnlerinizde ara\u00e7 ihtiya\u00e7lar\u0131 ve oto sal\u0131m\u0131 i\u00e7in \u00dc\u00e7 Garda\u015flar Rent A Car&#8217;a ula\u015fabilece\u011finiz adresler.<br \/>\nAdres : Yenihayat Mh. \u0130stasyon Sok. No:23\/A<br \/>\nTel : \u0130lhan \u00c7atak : 0532 365 05 96 \u2013 Tel : Ersin \u00c7atak : 0544 457 99 64<br \/>\nMail : iletisim @ gemerekrentacar.com<\/h4>\n<p>Ayr\u0131ca a\u015fa\u011f\u0131daki formu ula\u015farak bize mail atabilirsiniz<br \/>\n<div role=\"form\" class=\"wpcf7\" id=\"wpcf7-f64-o1\" lang=\"tr-TR\" dir=\"ltr\">\n<div class=\"screen-reader-response\"><p role=\"status\" aria-live=\"polite\" aria-atomic=\"true\"><\/p> <ul><\/ul><\/div>\n<form action=\"\/index.php?rest_route=%2Fwp%2Fv2%2Fpages%2F15#wpcf7-f64-o1\" method=\"post\" class=\"wpcf7-form init\" novalidate=\"novalidate\" data-status=\"init\">\n<div style=\"display: none;\">\n<input type=\"hidden\" name=\"_wpcf7\" value=\"64\" \/>\n<input type=\"hidden\" name=\"_wpcf7_version\" value=\"5.5.6.1\" \/>\n<input type=\"hidden\" name=\"_wpcf7_locale\" value=\"tr_TR\" \/>\n<input type=\"hidden\" name=\"_wpcf7_unit_tag\" value=\"wpcf7-f64-o1\" \/>\n<input type=\"hidden\" name=\"_wpcf7_container_post\" value=\"0\" \/>\n<input type=\"hidden\" name=\"_wpcf7_posted_data_hash\" value=\"\" \/>\n<\/div>\n<p>Ad\u0131n\u0131z (gerekli)<br \/>\n    <span class=\"wpcf7-form-control-wrap your-name\"><input type=\"text\" name=\"your-name\" value=\"\" size=\"40\" class=\"wpcf7-form-control wpcf7-text wpcf7-validates-as-required\" aria-required=\"true\" aria-invalid=\"false\" \/><\/span> <\/p>\n<p>Epostan\u0131z (gerekli)<br \/>\n    <span class=\"wpcf7-form-control-wrap your-email\"><input type=\"email\" name=\"your-email\" value=\"\" size=\"40\" class=\"wpcf7-form-control wpcf7-text wpcf7-email wpcf7-validates-as-required wpcf7-validates-as-email\" aria-required=\"true\" aria-invalid=\"false\" \/><\/span> <\/p>\n<p>Konu<br \/>\n    <span class=\"wpcf7-form-control-wrap your-subject\"><input type=\"text\" name=\"your-subject\" value=\"\" size=\"40\" class=\"wpcf7-form-control wpcf7-text\" aria-invalid=\"false\" \/><\/span> <\/p>\n<p>\u0130letiniz<br \/>\n    <span class=\"wpcf7-form-control-wrap your-message\"><textarea name=\"your-message\" cols=\"40\" rows=\"10\" class=\"wpcf7-form-control wpcf7-textarea\" aria-invalid=\"false\"><\/textarea><\/span> <\/p>\n<p><input type=\"submit\" value=\"G\u00f6nder\" class=\"wpcf7-form-control has-spinner wpcf7-submit\" \/><\/p>\n<div class=\"wpcf7-response-output\" aria-hidden=\"true\"><\/div><\/form><\/div><\/p>\n","protected":false},"excerpt":{"rendered":"<p>Ara\u00e7 kiralama, havaalan\u0131 transferleri, \u00f6zel g\u00fcnlerinizde ara\u00e7 ihtiya\u00e7lar\u0131 ve oto sal\u0131m\u0131 i\u00e7in \u00dc\u00e7 Garda\u015flar Rent A Car&#8217;a ula\u015fabilece\u011finiz adresler. Adres : Yenihayat Mh. \u0130stasyon Sok. No:23\/A Tel : \u0130lhan \u00c7atak : 0532 365 05 96 \u2013 Tel : Ersin \u00c7atak : 0544 457 99 64 Mail : iletisim @ gemerekrentacar.com Ayr\u0131ca a\u015fa\u011f\u0131daki formu ula\u015farak bize [&hellip;]<\/p>\n","protected":false},"author":1,"featured_media":0,"parent":0,"menu_order":0,"comment_status":"closed","ping_status":"open","template":"","meta":[],"categories":[],"tags":[],"_links":{"self":[{"href":"https:\/\/www.gemerekrentacar.com\/index.php?rest_route=\/wp\/v2\/pages\/15"}],"collection":[{"href":"https:\/\/www.gemerekrentacar.com\/index.php?rest_route=\/wp\/v2\/pages"}],"about":[{"href":"https:\/\/www.gemerekrentacar.com\/index.php?rest_route=\/wp\/v2\/types\/page"}],"author":[{"embeddable":true,"href":"https:\/\/www.gemerekrentacar.com\/index.php?rest_route=\/wp\/v2\/users\/1"}],"replies":[{"embeddable":true,"href":"https:\/\/www.gemerekrentacar.com\/index.php?rest_route=%2Fwp%2Fv2%2Fcomments&post=15"}],"version-history":[{"count":12,"href":"https:\/\/www.gemerekrentacar.com\/index.php?rest_route=\/wp\/v2\/pages\/15\/revisions"}],"predecessor-version":[{"id":123,"href":"https:\/\/www.gemerekrentacar.com\/index.php?rest_route=\/wp\/v2\/pages\/15\/revisions\/123"}],"wp:attachment":[{"href":"https:\/\/www.gemerekrentacar.com\/index.php?rest_route=%2Fwp%2Fv2%2Fmedia&parent=15"}],"wp:term":[{"taxonomy":"category","embeddable":true,"href":"https:\/\/www.gemerekrentacar.com\/index.php?rest_route=%2Fwp%2Fv2%2Fcategories&post=15"},{"taxonomy":"post_tag","embeddable":true,"href":"https:\/\/www.gemerekrentacar.com\/index.php?rest_route=%2Fwp%2Fv2%2Ftags&post=15"}],"curies":[{"name":"wp","href":"https:\/\/api.w.org\/{rel}","templated":true}]}}