{"id":11,"date":"2014-07-28T14:54:15","date_gmt":"2014-07-28T11:54:15","guid":{"rendered":"http:\/\/gemerekrentacar.com\/?page_id=11"},"modified":"2017-02-20T21:46:52","modified_gmt":"2017-02-20T18:46:52","slug":"hizmetlerimiz","status":"publish","type":"page","link":"https:\/\/www.gemerekrentacar.com\/?page_id=11","title":{"rendered":"H\u0130ZMETLER\u0130M\u0130Z"},"content":{"rendered":"<h4><a href=\"http:\/\/gemerekrentacar.com\/wp-content\/uploads\/2014\/07\/Volkswagen-Polo-Sedan-S\u00fcper-2011-Model-Araba.jpg\"><img loading=\"lazy\" class=\"size-medium wp-image-30 alignleft\" src=\"http:\/\/gemerekrentacar.com\/wp-content\/uploads\/2014\/07\/Volkswagen-Polo-Sedan-S\u00fcper-2011-Model-Araba-300x213.jpg\" alt=\"Volkswagen-Polo-Sedan-S\u00fcper-2011-Model-Araba\" width=\"300\" height=\"213\" srcset=\"https:\/\/www.gemerekrentacar.com\/wp-content\/uploads\/2014\/07\/Volkswagen-Polo-Sedan-S\u00fcper-2011-Model-Araba-300x213.jpg 300w, https:\/\/www.gemerekrentacar.com\/wp-content\/uploads\/2014\/07\/Volkswagen-Polo-Sedan-S\u00fcper-2011-Model-Araba.jpg 605w\" sizes=\"(max-width: 300px) 100vw, 300px\" \/><\/a>\u00a0 Rent a Car ve Oto al\u0131m sat\u0131m i\u015fleri.<\/h4>\n<p>\u00dc\u00e7 Garda\u015flar\u00a0Rent a Car olarak Rent a car denilince b\u00f6lgemizde akla gelen en g\u00fcvenilir markalar\u0131n ba\u015f\u0131ndaki \u00dc\u00e7 Garda\u015flar\u00a0Rent a Car, ula\u015f\u0131m\u0131n ne kadar \u00f6nemli bir konu oldu\u011funun bilinci ve 2013 y\u0131l\u0131ndan bu yana m\u00fc\u015fterilerine sorunsuz hizmet vermi\u015f olman\u0131n gururuyla her ge\u00e7en g\u00fcn daha b\u00fcy\u00fcmektedir. \u00d6ncelikli amac\u0131m\u0131z yeni m\u00fc\u015fteriler kazanmaktan ziyade, bizi tercih eden insanlar\u0131n ald\u0131\u011f\u0131 rent a car hizmetini kusursuz bir hale getirmektir.<\/p>\n<p>Ay\u0131 zamanda firmam\u0131z Oto al\u0131m sat\u0131m i\u015fleride yapmaktad\u0131r.<\/p>\n<p>&nbsp;<\/p>\n<h4><a href=\"http:\/\/gemerekrentacar.com\/wp-content\/uploads\/2014\/07\/OTkyNTY4MT-ucuncu_havaalani_gokturku_yeni_bir_degisim_surecine_sokacak.jpg\"><img loading=\"lazy\" class=\"size-medium wp-image-29 alignleft\" src=\"http:\/\/gemerekrentacar.com\/wp-content\/uploads\/2014\/07\/OTkyNTY4MT-ucuncu_havaalani_gokturku_yeni_bir_degisim_surecine_sokacak-300x225.jpg\" alt=\"OTkyNTY4MT-ucuncu_havaalani_gokturku_yeni_bir_degisim_surecine_sokacak\" width=\"300\" height=\"225\" srcset=\"https:\/\/www.gemerekrentacar.com\/wp-content\/uploads\/2014\/07\/OTkyNTY4MT-ucuncu_havaalani_gokturku_yeni_bir_degisim_surecine_sokacak-300x225.jpg 300w, https:\/\/www.gemerekrentacar.com\/wp-content\/uploads\/2014\/07\/OTkyNTY4MT-ucuncu_havaalani_gokturku_yeni_bir_degisim_surecine_sokacak-320x240.jpg 320w, https:\/\/www.gemerekrentacar.com\/wp-content\/uploads\/2014\/07\/OTkyNTY4MT-ucuncu_havaalani_gokturku_yeni_bir_degisim_surecine_sokacak-240x180.jpg 240w, https:\/\/www.gemerekrentacar.com\/wp-content\/uploads\/2014\/07\/OTkyNTY4MT-ucuncu_havaalani_gokturku_yeni_bir_degisim_surecine_sokacak.jpg 480w\" sizes=\"(max-width: 300px) 100vw, 300px\" \/><\/a> Havaalan\u0131 transfer hizmeti<\/h4>\n<p>Yurt d\u0131\u015f\u0131ndan gelen konuklar\u0131m\u0131za, yurt d\u0131\u015f\u0131na \u00e7\u0131kacak olan yada \u015fehirleraras\u0131 u\u00e7ak yolculu\u011fu yapacak olan m\u00fc\u015fterilerimize; daha rahat bir u\u00e7ak yolculu\u011fu yada yap\u0131lan yolculu\u011fun ard\u0131ndan daha rahat bir adrese ula\u015f\u0131m i\u00e7in, Ducato ve Mercedes markal\u0131 minib\u00fcslerimizle havaliman\u0131 transferleri hizmetini ger\u00e7ekle\u015ftiriyoruz.<\/p>\n<p>\u00d6nceden belirtti\u011finiz adreste, tam zamanda yerini alan ara\u00e7lar\u0131m\u0131z, havaalan\u0131na zaman\u0131nda gitmeniz i\u00e7in gerekli olan zaman\u0131 size sunmaktad\u0131r.<\/p>\n<h4><a href=\"http:\/\/gemerekrentacar.com\/wp-content\/uploads\/2014\/07\/1_45.jpg\"><img loading=\"lazy\" class=\"size-medium wp-image-31 alignleft\" src=\"http:\/\/gemerekrentacar.com\/wp-content\/uploads\/2014\/07\/1_45-300x214.jpg\" alt=\"1_45\" width=\"300\" height=\"214\" srcset=\"https:\/\/www.gemerekrentacar.com\/wp-content\/uploads\/2014\/07\/1_45-300x214.jpg 300w, https:\/\/www.gemerekrentacar.com\/wp-content\/uploads\/2014\/07\/1_45.jpg 800w\" sizes=\"(max-width: 300px) 100vw, 300px\" \/><\/a>\u00a0 \u00d6zel g\u00fcnlerinizde ara\u00e7lar\u0131m\u0131z sizinle !<\/h4>\n<p>B\u00f6lgemizde gezi, tur, ni\u015fan ve d\u00fc\u011f\u00fcn hizmetlerinizde Ducato ve Merdeces ara\u00e7lar\u0131m\u0131zla hizmetinizdeyiz.<\/p>\n","protected":false},"excerpt":{"rendered":"<p>\u00a0 Rent a Car ve Oto al\u0131m sat\u0131m i\u015fleri. \u00dc\u00e7 Garda\u015flar\u00a0Rent a Car olarak Rent a car denilince b\u00f6lgemizde akla gelen en g\u00fcvenilir markalar\u0131n ba\u015f\u0131ndaki \u00dc\u00e7 Garda\u015flar\u00a0Rent a Car, ula\u015f\u0131m\u0131n ne kadar \u00f6nemli bir konu oldu\u011funun bilinci ve 2013 y\u0131l\u0131ndan bu yana m\u00fc\u015fterilerine sorunsuz hizmet vermi\u015f olman\u0131n gururuyla her ge\u00e7en g\u00fcn daha b\u00fcy\u00fcmektedir. \u00d6ncelikli amac\u0131m\u0131z [&hellip;]<\/p>\n","protected":false},"author":1,"featured_media":0,"parent":0,"menu_order":0,"comment_status":"closed","ping_status":"open","template":"","meta":[],"categories":[],"tags":[],"_links":{"self":[{"href":"https:\/\/www.gemerekrentacar.com\/index.php?rest_route=\/wp\/v2\/pages\/11"}],"collection":[{"href":"https:\/\/www.gemerekrentacar.com\/index.php?rest_route=\/wp\/v2\/pages"}],"about":[{"href":"https:\/\/www.gemerekrentacar.com\/index.php?rest_route=\/wp\/v2\/types\/page"}],"author":[{"embeddable":true,"href":"https:\/\/www.gemerekrentacar.com\/index.php?rest_route=\/wp\/v2\/users\/1"}],"replies":[{"embeddable":true,"href":"https:\/\/www.gemerekrentacar.com\/index.php?rest_route=%2Fwp%2Fv2%2Fcomments&post=11"}],"version-history":[{"count":11,"href":"https:\/\/www.gemerekrentacar.com\/index.php?rest_route=\/wp\/v2\/pages\/11\/revisions"}],"predecessor-version":[{"id":124,"href":"https:\/\/www.gemerekrentacar.com\/index.php?rest_route=\/wp\/v2\/pages\/11\/revisions\/124"}],"wp:attachment":[{"href":"https:\/\/www.gemerekrentacar.com\/index.php?rest_route=%2Fwp%2Fv2%2Fmedia&parent=11"}],"wp:term":[{"taxonomy":"category","embeddable":true,"href":"https:\/\/www.gemerekrentacar.com\/index.php?rest_route=%2Fwp%2Fv2%2Fcategories&post=11"},{"taxonomy":"post_tag","embeddable":true,"href":"https:\/\/www.gemerekrentacar.com\/index.php?rest_route=%2Fwp%2Fv2%2Ftags&post=11"}],"curies":[{"name":"wp","href":"https:\/\/api.w.org\/{rel}","templated":true}]}}